{"id":2,"date":"2023-12-30T19:16:38","date_gmt":"2023-12-30T18:16:38","guid":{"rendered":"http:\/\/palaisdelinde-sallanches.fr\/?page_id=2"},"modified":"2024-01-02T15:01:14","modified_gmt":"2024-01-02T14:01:14","slug":"page-d-exemple","status":"publish","type":"page","link":"https:\/\/palaisdelinde-sallanches.fr\/","title":{"rendered":"A propos"},"content":{"rendered":"\n<p>Bienvenue au Le Palais de L&#8217;Inde, o\u00f9 nous vous convions \u00e0 une exp\u00e9rience culinaire exceptionnelle au c\u0153ur de saveurs authentiques qui \u00e9veilleront vos papilles. Nos chefs talentueux concoctent des plats uniques, mettant en avant des ingr\u00e9dients soigneusement s\u00e9lectionn\u00e9s pour leur fra\u00eecheur et leur qualit\u00e9 irr\u00e9prochable.<\/p>\n\n\n\n<p>Chez Le Palais de l&#8217;Inde, nous adoptons une approche r\u00e9solument ax\u00e9e sur la sant\u00e9, en bannissant l&#8217;utilisation de colorants artificiels et en limitant au strict minimum les additifs dans nos pr\u00e9parations. Nous sommes fiers de vous assurer que nos plats sont exempts de produits g\u00e9n\u00e9tiquement modifi\u00e9s (OGM), pr\u00e9servant ainsi la puret\u00e9 de chaque bouch\u00e9e que vous d\u00e9gustez.<\/p>\n\n\n\n<p>Au-del\u00e0 de nos mets d\u00e9licieux, nous gardons toujours \u00e0 l&#8217;esprit que notre succ\u00e8s repose sur la satisfaction de nos clients, nombreux parmi eux \u00e9tant devenus des amis au fil du temps. Nous vous invitons \u00e0 vous d\u00e9lecter de chaque instant pass\u00e9 \u00e0 La Cuisine Exquise et \u00e0 contribuer \u00e0 l&#8217;\u00e9panouissement de notre succ\u00e8s commun.<\/p>\n\n\n\n<h2 class=\"wp-block-heading\">Horaires d&#8217;ouverture<\/h2>\n\n\n\n<ul>\n<li><strong>Lundi<\/strong> :               \/ 19h00 &#8211; 22h30<\/li>\n\n\n\n<li><strong>Mardi<\/strong> : 12h00 &#8211; 13h30 \/ 19h00 &#8211; 22h30<\/li>\n\n\n\n<li><strong>Mercredi<\/strong> : 12h00 &#8211; 13h30 \/ 19h00 &#8211; 22h30<\/li>\n\n\n\n<li><strong>Jeudi<\/strong>    : 12h00 &#8211; 13h30 \/ 19h00 &#8211; 22h30<\/li>\n\n\n\n<li><strong>Vendredi<\/strong> : 12h00 &#8211; 13h30 \/ 19h00 &#8211; 22h30<\/li>\n\n\n\n<li><strong>Samedi<\/strong> : 12h00 &#8211; 13h30 \/ 19h00 &#8211; 22h30<\/li>\n\n\n\n<li><strong>Dimanche<\/strong> : 12h00 &#8211; 13h30 \/ 19h00 &#8211; 22h30<\/li>\n<\/ul>\n\n\n\n<h2 class=\"wp-block-heading\">Num\u00e9ro de t\u00e9l\u00e9phone<\/h2>\n\n\n\n<p>Pour toute r\u00e9servation veuillez appeler le :<\/p>\n\n\n\n<p><font size=\"13\"><strong>04 50 91 56 23<\/strong><\/font><\/p>\n","protected":false},"excerpt":{"rendered":"<p>Bienvenue au Le Palais de L&#8217;Inde, o\u00f9 nous vous convions \u00e0 une exp\u00e9rience culinaire exceptionnelle au c\u0153ur de saveurs authentiques qui \u00e9veilleront vos papilles. Nos chefs talentueux concoctent des plats uniques, mettant en avant des ingr\u00e9dients soigneusement s\u00e9lectionn\u00e9s pour leur&#8230; <\/p>\n<div class=\"readmore-section\"><a href=\"https:\/\/palaisdelinde-sallanches.fr\/\"><input type=\"submit\" name=\"submit\" value=\"Continue reading&#8230;\" class=\"readmore-btn\" ><\/a><\/div>\n","protected":false},"author":1,"featured_media":0,"parent":0,"menu_order":0,"comment_status":"closed","ping_status":"open","template":"","meta":{"om_disable_all_campaigns":false,"_monsterinsights_skip_tracking":false,"_monsterinsights_sitenote_active":false,"_monsterinsights_sitenote_note":"","_monsterinsights_sitenote_category":0,"footnotes":""},"aioseo_notices":[],"_links":{"self":[{"href":"https:\/\/palaisdelinde-sallanches.fr\/index.php\/wp-json\/wp\/v2\/pages\/2"}],"collection":[{"href":"https:\/\/palaisdelinde-sallanches.fr\/index.php\/wp-json\/wp\/v2\/pages"}],"about":[{"href":"https:\/\/palaisdelinde-sallanches.fr\/index.php\/wp-json\/wp\/v2\/types\/page"}],"author":[{"embeddable":true,"href":"https:\/\/palaisdelinde-sallanches.fr\/index.php\/wp-json\/wp\/v2\/users\/1"}],"replies":[{"embeddable":true,"href":"https:\/\/palaisdelinde-sallanches.fr\/index.php\/wp-json\/wp\/v2\/comments?post=2"}],"version-history":[{"count":12,"href":"https:\/\/palaisdelinde-sallanches.fr\/index.php\/wp-json\/wp\/v2\/pages\/2\/revisions"}],"predecessor-version":[{"id":86,"href":"https:\/\/palaisdelinde-sallanches.fr\/index.php\/wp-json\/wp\/v2\/pages\/2\/revisions\/86"}],"wp:attachment":[{"href":"https:\/\/palaisdelinde-sallanches.fr\/index.php\/wp-json\/wp\/v2\/media?parent=2"}],"curies":[{"name":"wp","href":"https:\/\/api.w.org\/{rel}","templated":true}]}}